{"id":2,"date":"2024-09-27T14:30:09","date_gmt":"2024-09-27T11:30:09","guid":{"rendered":"http:\/\/aysenyilmaz.com.tr\/?page_id=2"},"modified":"2024-09-27T15:31:00","modified_gmt":"2024-09-27T12:31:00","slug":"ornek-sayfa","status":"publish","type":"page","link":"https:\/\/aysenyilmaz.com.tr\/","title":{"rendered":"Hakk\u0131mda"},"content":{"rendered":"\n<p>Antalya  do\u011fumlu..        <br>1974\u2019de \u0130zmir E\u011fitim Enstit\u00fcs\u00fc Resim B\u00f6l\u00fcm\u00fc Grafik Anadal\u0131\u2019ndan  mezun oldu.<br>T\u00fcrkiye\u2019nin \u00e7e\u015fitli okullar\u0131nda 29 y\u0131l resim \u00f6\u011fretmenli\u011fi yapt\u0131ktan sonra  2003 y\u0131l\u0131nda emekli oldu..<br>Emeklilikten sonra \u0130zmir Resim Heykel M\u00fczesinde \u201c\u0130zmir Bask\u0131 Resim Sanat\u00e7\u0131lar\u0131\u201d adl\u0131 at\u00f6lyede  \u00e7al\u0131\u015fmalar\u0131na ba\u015flad\u0131,  <br>Eserleri \u00e7e\u015fitli ulusal ve uluslararas\u0131 karma, yar\u0131\u015fmal\u0131 sergilerde yer alm\u0131\u015ftr. Brezilya, Bulgaristan, Japonya, \u00c7in ve Tayvan gibi \u00fclkelerde  eserleri sergilenmi\u015f ve kataloglarda yer alm\u0131\u015ft\u0131r.<br>Yurt i\u00e7inde5 ki\u015fisel sergi a\u00e7m\u015ft\u0131r.<br>Yar\u0131\u015fmalarda 4 \u00f6d\u00fcl\u00fc vard\u0131r.<br>Yurt i\u00e7i ve yurt d\u0131\u015f\u0131nda altm\u0131\u015f\u0131n \u00fczerinde karma sergiye kat\u0131lm\u0131\u015ftr.<br>\u00c7al\u0131\u015fmalar\u0131na K\u00fclt\u00fcr Bakanl\u0131\u011f\u0131 \u0130zmir &lt;sanat Fabrikas\u0131 Bask\u0131 Resim At\u00f6lyesinde devam etmektedir..<\/p>\n\n\n\n<blockquote class=\"wp-block-quote is-layout-flow wp-block-quote-is-layout-flow\"><\/blockquote>\n\n\n\n<blockquote class=\"wp-block-quote is-layout-flow wp-block-quote-is-layout-flow\"><\/blockquote>\n\n\n\n<p><\/p>\n","protected":false},"excerpt":{"rendered":"<p>Antalya do\u011fumlu.. 1974\u2019de \u0130zmir E\u011fitim Enstit\u00fcs\u00fc Resim B\u00f6l\u00fcm\u00fc Grafik Anadal\u0131\u2019ndan mezun oldu.T\u00fcrkiye\u2019nin \u00e7e\u015fitli okullar\u0131nda 29 y\u0131l resim \u00f6\u011fretmenli\u011fi yapt\u0131ktan sonra &hellip; <a href=\"https:\/\/aysenyilmaz.com.tr\/\" class=\"more-link\"><span class=\"more-button\">Continue Reading<span class=\"screen-reader-text\">Hakk\u0131mda<\/span><\/span><\/a><\/p>\n","protected":false},"author":1,"featured_media":0,"parent":0,"menu_order":0,"comment_status":"closed","ping_status":"closed","template":"","meta":{"footnotes":""},"class_list":["post-2","page","type-page","status-publish","hentry"],"_links":{"self":[{"href":"https:\/\/aysenyilmaz.com.tr\/index.php\/wp-json\/wp\/v2\/pages\/2","targetHints":{"allow":["GET"]}}],"collection":[{"href":"https:\/\/aysenyilmaz.com.tr\/index.php\/wp-json\/wp\/v2\/pages"}],"about":[{"href":"https:\/\/aysenyilmaz.com.tr\/index.php\/wp-json\/wp\/v2\/types\/page"}],"author":[{"embeddable":true,"href":"https:\/\/aysenyilmaz.com.tr\/index.php\/wp-json\/wp\/v2\/users\/1"}],"replies":[{"embeddable":true,"href":"https:\/\/aysenyilmaz.com.tr\/index.php\/wp-json\/wp\/v2\/comments?post=2"}],"version-history":[{"count":3,"href":"https:\/\/aysenyilmaz.com.tr\/index.php\/wp-json\/wp\/v2\/pages\/2\/revisions"}],"predecessor-version":[{"id":83,"href":"https:\/\/aysenyilmaz.com.tr\/index.php\/wp-json\/wp\/v2\/pages\/2\/revisions\/83"}],"wp:attachment":[{"href":"https:\/\/aysenyilmaz.com.tr\/index.php\/wp-json\/wp\/v2\/media?parent=2"}],"curies":[{"name":"wp","href":"https:\/\/api.w.org\/{rel}","templated":true}]}}